{"id":660,"date":"2024-09-25T09:24:10","date_gmt":"2024-09-25T07:24:10","guid":{"rendered":"https:\/\/espritgenerationsport.fr\/?page_id=660"},"modified":"2025-01-04T17:24:36","modified_gmt":"2025-01-04T16:24:36","slug":"inscription-stage","status":"publish","type":"page","link":"https:\/\/espritgenerationsport.fr\/index.php\/inscription-stage\/","title":{"rendered":"Inscription S\u00e9jour"},"content":{"rendered":"\t\t<div data-elementor-type=\"wp-page\" data-elementor-id=\"660\" class=\"elementor elementor-660\">\n\t\t\t\t<div class=\"elementor-element elementor-element-2491b82 elementor-hidden-tablet elementor-hidden-mobile e-flex e-con-boxed wpr-particle-no wpr-jarallax-no wpr-parallax-no wpr-sticky-section-no wpr-equal-height-no e-con e-parent\" data-id=\"2491b82\" data-element_type=\"container\" data-e-type=\"container\" data-settings=\"{&quot;background_background&quot;:&quot;classic&quot;}\">\n\t\t\t\t\t<div class=\"e-con-inner\">\n\t\t\t\t\t<\/div>\n\t\t\t\t<\/div>\n\t\t<div class=\"elementor-element elementor-element-1eb149e e-con-full e-flex wpr-particle-no wpr-jarallax-no wpr-parallax-no wpr-sticky-section-no wpr-equal-height-no e-con e-parent\" data-id=\"1eb149e\" data-element_type=\"container\" data-e-type=\"container\">\n\t\t\t\t<div class=\"elementor-element elementor-element-a8768ac elementor-widget elementor-widget-heading\" data-id=\"a8768ac\" data-element_type=\"widget\" data-e-type=\"widget\" data-widget_type=\"heading.default\">\n\t\t\t\t<div class=\"elementor-widget-container\">\n\t\t\t\t\t<h2 class=\"elementor-heading-title elementor-size-default\">Inscription EGS Surf &amp; Sport Camp<\/h2>\t\t\t\t<\/div>\n\t\t\t\t<\/div>\n\t\t\t\t<\/div>\n\t\t<div class=\"elementor-element elementor-element-47b6169 e-flex e-con-boxed wpr-particle-no wpr-jarallax-no wpr-parallax-no wpr-sticky-section-no wpr-equal-height-no e-con e-parent\" data-id=\"47b6169\" data-element_type=\"container\" data-e-type=\"container\">\n\t\t\t\t\t<div class=\"e-con-inner\">\n\t\t\t\t<div class=\"elementor-element elementor-element-f56a1a5 elementor-widget elementor-widget-html\" data-id=\"f56a1a5\" data-element_type=\"widget\" data-e-type=\"widget\" data-widget_type=\"html.default\">\n\t\t\t\t<div class=\"elementor-widget-container\">\n\t\t\t\t\t<iframe id=\"haWidget\" allowtransparency=\"true\" scrolling=\"auto\" src=\"https:\/\/www.helloasso.com\/associations\/esprit-generation-sport\/evenements\/egs-surf-sport-camp\/widget\" style=\"width: 100%; height: 1000px; border: none;\"><\/iframe>\t\t\t\t<\/div>\n\t\t\t\t<\/div>\n\t\t\t\t\t<\/div>\n\t\t\t\t<\/div>\n\t\t\t\t<\/div>\n\t\t","protected":false},"excerpt":{"rendered":"<p>Inscription EGS Surf &amp; Sport Camp<\/p>\n","protected":false},"author":1,"featured_media":0,"parent":0,"menu_order":0,"comment_status":"closed","ping_status":"closed","template":"","meta":{"footnotes":""},"class_list":["post-660","page","type-page","status-publish","hentry"],"yoast_head":"<!-- This site is optimized with the Yoast SEO plugin v27.5 - https:\/\/yoast.com\/product\/yoast-seo-wordpress\/ -->\n<title>Inscription S\u00e9jour - Esprit G\u00e9n\u00e9ration Sport<\/title>\n<meta name=\"robots\" content=\"index, follow, max-snippet:-1, max-image-preview:large, max-video-preview:-1\" \/>\n<link rel=\"canonical\" href=\"https:\/\/espritgenerationsport.fr\/index.php\/inscription-stage\/\" \/>\n<meta property=\"og:locale\" content=\"en_US\" \/>\n<meta property=\"og:type\" content=\"article\" \/>\n<meta property=\"og:title\" content=\"Inscription S\u00e9jour - Esprit G\u00e9n\u00e9ration Sport\" \/>\n<meta property=\"og:description\" content=\"Inscription EGS Surf &amp; Sport Camp\" \/>\n<meta property=\"og:url\" content=\"https:\/\/espritgenerationsport.fr\/index.php\/inscription-stage\/\" \/>\n<meta property=\"og:site_name\" content=\"Esprit G\u00e9n\u00e9ration Sport\" \/>\n<meta property=\"article:modified_time\" content=\"2025-01-04T16:24:36+00:00\" \/>\n<meta name=\"twitter:card\" content=\"summary_large_image\" \/>\n<meta name=\"twitter:label1\" content=\"Est. reading time\" \/>\n\t<meta name=\"twitter:data1\" content=\"1 minute\" \/>\n<script type=\"application\/ld+json\" class=\"yoast-schema-graph\">{\"@context\":\"https:\\\/\\\/schema.org\",\"@graph\":[{\"@type\":\"WebPage\",\"@id\":\"https:\\\/\\\/espritgenerationsport.fr\\\/index.php\\\/inscription-stage\\\/\",\"url\":\"https:\\\/\\\/espritgenerationsport.fr\\\/index.php\\\/inscription-stage\\\/\",\"name\":\"Inscription S\u00e9jour - Esprit G\u00e9n\u00e9ration Sport\",\"isPartOf\":{\"@id\":\"https:\\\/\\\/espritgenerationsport.fr\\\/#website\"},\"datePublished\":\"2024-09-25T07:24:10+00:00\",\"dateModified\":\"2025-01-04T16:24:36+00:00\",\"breadcrumb\":{\"@id\":\"https:\\\/\\\/espritgenerationsport.fr\\\/index.php\\\/inscription-stage\\\/#breadcrumb\"},\"inLanguage\":\"en-US\",\"potentialAction\":[{\"@type\":\"ReadAction\",\"target\":[\"https:\\\/\\\/espritgenerationsport.fr\\\/index.php\\\/inscription-stage\\\/\"]}]},{\"@type\":\"BreadcrumbList\",\"@id\":\"https:\\\/\\\/espritgenerationsport.fr\\\/index.php\\\/inscription-stage\\\/#breadcrumb\",\"itemListElement\":[{\"@type\":\"ListItem\",\"position\":1,\"name\":\"Accueil\",\"item\":\"https:\\\/\\\/espritgenerationsport.fr\\\/\"},{\"@type\":\"ListItem\",\"position\":2,\"name\":\"Inscription S\u00e9jour\"}]},{\"@type\":\"WebSite\",\"@id\":\"https:\\\/\\\/espritgenerationsport.fr\\\/#website\",\"url\":\"https:\\\/\\\/espritgenerationsport.fr\\\/\",\"name\":\"Esprit G\u00e9n\u00e9ration Sport\",\"description\":\"Esprit G\u00e9n\u00e9ration Sport\",\"publisher\":{\"@id\":\"https:\\\/\\\/espritgenerationsport.fr\\\/#organization\"},\"potentialAction\":[{\"@type\":\"SearchAction\",\"target\":{\"@type\":\"EntryPoint\",\"urlTemplate\":\"https:\\\/\\\/espritgenerationsport.fr\\\/?s={search_term_string}\"},\"query-input\":{\"@type\":\"PropertyValueSpecification\",\"valueRequired\":true,\"valueName\":\"search_term_string\"}}],\"inLanguage\":\"en-US\"},{\"@type\":\"Organization\",\"@id\":\"https:\\\/\\\/espritgenerationsport.fr\\\/#organization\",\"name\":\"Esprit G\u00e9n\u00e9ration Sport\",\"url\":\"https:\\\/\\\/espritgenerationsport.fr\\\/\",\"logo\":{\"@type\":\"ImageObject\",\"inLanguage\":\"en-US\",\"@id\":\"https:\\\/\\\/espritgenerationsport.fr\\\/#\\\/schema\\\/logo\\\/image\\\/\",\"url\":\"https:\\\/\\\/espritgenerationsport.fr\\\/wp-content\\\/uploads\\\/2024\\\/06\\\/output-01.png\",\"contentUrl\":\"https:\\\/\\\/espritgenerationsport.fr\\\/wp-content\\\/uploads\\\/2024\\\/06\\\/output-01.png\",\"width\":915,\"height\":912,\"caption\":\"Esprit G\u00e9n\u00e9ration Sport\"},\"image\":{\"@id\":\"https:\\\/\\\/espritgenerationsport.fr\\\/#\\\/schema\\\/logo\\\/image\\\/\"}}]}<\/script>\n<!-- \/ Yoast SEO plugin. -->","yoast_head_json":{"title":"Inscription S\u00e9jour - Esprit G\u00e9n\u00e9ration Sport","robots":{"index":"index","follow":"follow","max-snippet":"max-snippet:-1","max-image-preview":"max-image-preview:large","max-video-preview":"max-video-preview:-1"},"canonical":"https:\/\/espritgenerationsport.fr\/index.php\/inscription-stage\/","og_locale":"en_US","og_type":"article","og_title":"Inscription S\u00e9jour - Esprit G\u00e9n\u00e9ration Sport","og_description":"Inscription EGS Surf &amp; Sport Camp","og_url":"https:\/\/espritgenerationsport.fr\/index.php\/inscription-stage\/","og_site_name":"Esprit G\u00e9n\u00e9ration Sport","article_modified_time":"2025-01-04T16:24:36+00:00","twitter_card":"summary_large_image","twitter_misc":{"Est. reading time":"1 minute"},"schema":{"@context":"https:\/\/schema.org","@graph":[{"@type":"WebPage","@id":"https:\/\/espritgenerationsport.fr\/index.php\/inscription-stage\/","url":"https:\/\/espritgenerationsport.fr\/index.php\/inscription-stage\/","name":"Inscription S\u00e9jour - Esprit G\u00e9n\u00e9ration Sport","isPartOf":{"@id":"https:\/\/espritgenerationsport.fr\/#website"},"datePublished":"2024-09-25T07:24:10+00:00","dateModified":"2025-01-04T16:24:36+00:00","breadcrumb":{"@id":"https:\/\/espritgenerationsport.fr\/index.php\/inscription-stage\/#breadcrumb"},"inLanguage":"en-US","potentialAction":[{"@type":"ReadAction","target":["https:\/\/espritgenerationsport.fr\/index.php\/inscription-stage\/"]}]},{"@type":"BreadcrumbList","@id":"https:\/\/espritgenerationsport.fr\/index.php\/inscription-stage\/#breadcrumb","itemListElement":[{"@type":"ListItem","position":1,"name":"Accueil","item":"https:\/\/espritgenerationsport.fr\/"},{"@type":"ListItem","position":2,"name":"Inscription S\u00e9jour"}]},{"@type":"WebSite","@id":"https:\/\/espritgenerationsport.fr\/#website","url":"https:\/\/espritgenerationsport.fr\/","name":"Esprit G\u00e9n\u00e9ration Sport","description":"Esprit G\u00e9n\u00e9ration Sport","publisher":{"@id":"https:\/\/espritgenerationsport.fr\/#organization"},"potentialAction":[{"@type":"SearchAction","target":{"@type":"EntryPoint","urlTemplate":"https:\/\/espritgenerationsport.fr\/?s={search_term_string}"},"query-input":{"@type":"PropertyValueSpecification","valueRequired":true,"valueName":"search_term_string"}}],"inLanguage":"en-US"},{"@type":"Organization","@id":"https:\/\/espritgenerationsport.fr\/#organization","name":"Esprit G\u00e9n\u00e9ration Sport","url":"https:\/\/espritgenerationsport.fr\/","logo":{"@type":"ImageObject","inLanguage":"en-US","@id":"https:\/\/espritgenerationsport.fr\/#\/schema\/logo\/image\/","url":"https:\/\/espritgenerationsport.fr\/wp-content\/uploads\/2024\/06\/output-01.png","contentUrl":"https:\/\/espritgenerationsport.fr\/wp-content\/uploads\/2024\/06\/output-01.png","width":915,"height":912,"caption":"Esprit G\u00e9n\u00e9ration Sport"},"image":{"@id":"https:\/\/espritgenerationsport.fr\/#\/schema\/logo\/image\/"}}]}},"jetpack_sharing_enabled":true,"_links":{"self":[{"href":"https:\/\/espritgenerationsport.fr\/index.php\/wp-json\/wp\/v2\/pages\/660","targetHints":{"allow":["GET"]}}],"collection":[{"href":"https:\/\/espritgenerationsport.fr\/index.php\/wp-json\/wp\/v2\/pages"}],"about":[{"href":"https:\/\/espritgenerationsport.fr\/index.php\/wp-json\/wp\/v2\/types\/page"}],"author":[{"embeddable":true,"href":"https:\/\/espritgenerationsport.fr\/index.php\/wp-json\/wp\/v2\/users\/1"}],"replies":[{"embeddable":true,"href":"https:\/\/espritgenerationsport.fr\/index.php\/wp-json\/wp\/v2\/comments?post=660"}],"version-history":[{"count":54,"href":"https:\/\/espritgenerationsport.fr\/index.php\/wp-json\/wp\/v2\/pages\/660\/revisions"}],"predecessor-version":[{"id":1048,"href":"https:\/\/espritgenerationsport.fr\/index.php\/wp-json\/wp\/v2\/pages\/660\/revisions\/1048"}],"wp:attachment":[{"href":"https:\/\/espritgenerationsport.fr\/index.php\/wp-json\/wp\/v2\/media?parent=660"}],"curies":[{"name":"wp","href":"https:\/\/api.w.org\/{rel}","templated":true}]}}